{"id":4660,"date":"2025-04-24T21:23:19","date_gmt":"2025-04-24T19:23:19","guid":{"rendered":"https:\/\/vktlu.ee\/?page_id=4660"},"modified":"2025-08-30T15:30:32","modified_gmt":"2025-08-30T13:30:32","slug":"tunniplann","status":"publish","type":"page","link":"https:\/\/www.vktlu.ee\/ru\/tunniplann\/","title":{"rendered":"Tunniplaan"},"content":{"rendered":"<div class=\"wpb-content-wrapper\"><section class=\"vc_row wpb_row vc_row-fluid bg-light not-equal not-color vc_custom_1746048434049 vc_row-has-fill\"><div class=\"container\"><div class=\"row\"><div class=\"wpb_column vc_column_container vc_col-sm-12\"><div class=\"vc_column-inner\"><div class=\"wpb_wrapper\"><div class=\"headings-title\"><div class=\"mb72  mb-xs-40 text-center\"><h4  class=\"widgettitle\">Tunniplaan<\/h4><div class=\"divider-wrap\"><div class=\"tlg-divider\"><\/div><\/div><\/div><\/div>\n\t<div class=\"wpb_text_column wpb_content_element\" >\n\t\t<div class=\"wpb_wrapper\">\n\t\t\t<p style=\"text-align: center;\">Treeningud toimuvad Tallinna \u00dclikoolis.<br \/>\nNarva mnt 25 (TL\u00dc) ja Erika 5<\/p>\n<p style=\"text-align: center;\"><mark class=\"bg_default text-white\">NB! Tunniplaanis v\u00f5ib ette tulla muudatusi!<\/mark><\/p>\n<p style=\"text-align: center;\"><mark class=\"bg_default text-white\">NB! Treeninguid ei toimu riiklikel p\u00fchadel ja kooli vaheaegadel.<\/mark><\/p>\n<p>&nbsp;<\/p>\n\n\t\t<\/div>\n\t<\/div>\n<\/div><\/div><\/div><\/div><\/div><\/section><section class=\"vc_row wpb_row vc_row-fluid bg-light pt0 not-equal not-color vc_custom_1746048455109 vc_row-has-fill\"><div class=\"container\"><div class=\"row\"><div class=\"wpb_column vc_column_container vc_col-sm-6\"><div class=\"vc_column-inner\"><div class=\"wpb_wrapper\"><div id=\"iconbox-69db7e0dc3fe2\" class=\"\"><div class=\"icon-link\"><div class=\"boxed-icon boxed boxed-left relative mb0 text-left  mt50\">\n\t\t\t\t\t\t\t<i style=\"color:#ffffff;background-color:#1E73BE;border-color:#1E73BE;\" class=\"ti-menu-alt square-icon small-icon top50  inline-block mb16 ms-text icon-lg\"><\/i>\n\t\t\t\t\t\t\t<h5 style=\"font-size:22px!important;line-height:32px;text-transform: none!important;\" class=\"widgettitle mb0 mt24\">TIREL P.<\/h5>\n\t\t\t\t\t\t\t<div style=\"color:#000000;text-transform: none!important;\" class=\"widgetsubtitle mb16\">(2x n\u00e4dalas, 4-7-aastased)<\/div>\n\t\t\t\t\t\t\t<div  class=\"icon-content\"><\/p>\n<ul class=\"list_none pr_list\">\n<li>Esmasp\u00e4ev 18.00-19.30 (TL\u00dc)<\/li>\n<li>Kolmap\u00e4ev 18.00-19.30 (TL\u00dc)<\/li>\n<\/ul>\n<p>\n<\/div>\n\t\t\t\t\t\t<\/div><\/div><\/div><div id=\"iconbox-69db7e0dc401b\" class=\"\"><div class=\"icon-link\"><div class=\"boxed-icon boxed boxed-left relative mb0 text-left  mt50\">\n\t\t\t\t\t\t\t<i style=\"color:#ffffff;background-color:#1E73BE;border-color:#1E73BE;\" class=\"ti-menu-alt square-icon small-icon top50  inline-block mb16 ms-text icon-lg\"><\/i>\n\t\t\t\t\t\t\t<h5 style=\"font-size:22px!important;line-height:32px;text-transform: none!important;\" class=\"widgettitle mb0 mt24\">TIREL T.<\/h5>\n\t\t\t\t\t\t\t<div style=\"color:#000000;text-transform: none!important;\" class=\"widgetsubtitle mb16\">(2x n\u00e4dalas, 4-7-aastased)<\/div>\n\t\t\t\t\t\t\t<div  class=\"icon-content\"><\/p>\n<ul class=\"list_none pr_list\">\n<li>Teisip\u00e4ev 17.00-18.30 (Erika 5)<\/li>\n<li>Neljap\u00e4ev 17.00-18.30 (Erika 5)<\/li>\n<\/ul>\n<p>\n<\/div>\n\t\t\t\t\t\t<\/div><\/div><\/div><div id=\"iconbox-69db7e0dc4043\" class=\"\"><div class=\"icon-link\"><div class=\"boxed-icon boxed boxed-left relative mb0 text-left  mt50\">\n\t\t\t\t\t\t\t<i style=\"color:#ffffff;background-color:#1E73BE;border-color:#1E73BE;\" class=\"ti-menu-alt square-icon small-icon top50  inline-block mb16 ms-text icon-lg\"><\/i>\n\t\t\t\t\t\t\t<h5 style=\"font-size:22px!important;line-height:32px;text-transform: none!important;\" class=\"widgettitle mb0 mt24\">RATAS<\/h5>\n\t\t\t\t\t\t\t<div style=\"color:#000000;text-transform: none!important;\" class=\"widgetsubtitle mb16\">(3x n\u00e4dalas, 7-15-aastased)<\/div>\n\t\t\t\t\t\t\t<div  class=\"icon-content\"><\/p>\n<ul class=\"list_none pr_list\">\n<li>Esmasp\u00e4ev 17.00-18.30 (TL\u00dc)<\/li>\n<li>Teisip\u00e4ev 17.00-18.30 (Erika 5)<\/li>\n<li>Neljap\u00e4ev 17.00-18.30 (Erika 5)<\/li>\n<\/ul>\n<p>\n<\/div>\n\t\t\t\t\t\t<\/div><\/div><\/div><\/div><\/div><\/div><div class=\"wpb_column vc_column_container vc_col-sm-6\"><div class=\"vc_column-inner\"><div class=\"wpb_wrapper\"><div id=\"iconbox-69db7e0dc40f9\" class=\"\"><div class=\"icon-link\"><div class=\"boxed-icon boxed boxed-left relative mb0 text-left  mt50\">\n\t\t\t\t\t\t\t<i style=\"color:#ffffff;background-color:#1E73BE;border-color:#1E73BE;\" class=\"ti-menu-alt square-icon small-icon top50  inline-block mb16 ms-text icon-lg\"><\/i>\n\t\t\t\t\t\t\t<h5 style=\"font-size:22px!important;line-height:32px;text-transform: none!important;\" class=\"widgettitle mb0 mt24\">SALTO<\/h5>\n\t\t\t\t\t\t\t<div style=\"color:#000000;text-transform: none!important;\" class=\"widgetsubtitle mb16\">(4x n\u00e4dalas, 16-19-aastased)<\/div>\n\t\t\t\t\t\t\t<div  class=\"icon-content\"><\/p>\n<ul class=\"list_none pr_list\">\n<li>Esmasp\u00e4ev 17.00-18.30 (TL\u00dc)<\/li>\n<li>Teisip\u00e4ev 17.00-18.30 (Erika 5)<\/li>\n<li>Neljap\u00e4ev 17.00-18.30 (Erika 5)<\/li>\n<li>Reede 17.00-18.30 (TL\u00dc)<\/li>\n<\/ul>\n<p>\n<\/div>\n\t\t\t\t\t\t<\/div><\/div><\/div><div id=\"iconbox-69db7e0dc4126\" class=\"\"><div class=\"icon-link\"><div class=\"boxed-icon boxed boxed-left relative mb0 text-left  mt50\">\n\t\t\t\t\t\t\t<i style=\"color:#ffffff;background-color:#1E73BE;border-color:#1E73BE;\" class=\"ti-menu-alt square-icon small-icon top50  inline-block mb16 ms-text icon-lg\"><\/i>\n\t\t\t\t\t\t\t<h5 style=\"font-size:22px!important;line-height:32px;text-transform: none!important;\" class=\"widgettitle mb0 mt24\">ELIIT<\/h5>\n\t\t\t\t\t\t\t<div style=\"color:#000000;text-transform: none!important;\" class=\"widgetsubtitle mb16\">(6x n\u00e4dalas)<\/div>\n\t\t\t\t\t\t\t<div  class=\"icon-content\"><\/p>\n<ul class=\"list_none pr_list\">\n<li>Esmasp\u00e4ev<\/li>\n<li>Teisip\u00e4ev<\/li>\n<li>Kolmap\u00e4ev<\/li>\n<li>Neljap\u00e4ev<\/li>\n<li>Reede<\/li>\n<li>Laup\u00e4eval<\/li>\n<\/ul>\n<p>\n<\/div>\n\t\t\t\t\t\t<\/div><\/div><\/div><\/div><\/div><\/div><\/div><\/div><\/section><section class=\"vc_row wpb_row vc_row-fluid bg-light not-equal not-color vc_custom_1746048466266 vc_row-has-fill\"><div class=\"container\"><div class=\"row\"><div class=\"wpb_column vc_column_container vc_col-sm-12\"><div class=\"vc_column-inner vc_custom_1745434708704\"><div class=\"wpb_wrapper\">\n\t<div class=\"wpb_text_column wpb_content_element\" >\n\t\t<div class=\"wpb_wrapper\">\n\t\t\t<p><b>Koolivaheajad. 2024\/2025. \u00f5ppeaasta vaheajad:<\/b><\/p>\n<ol>\n<li>I vaheaeg 21. oktoober 2024. a kuni 26 oktoober 2024. a.<\/li>\n<li>II vaheaeg 23. detsember 2024. a kuni 4. jaanuar 2025. a.<\/li>\n<li>III vaheaeg 24. veebruar 2025. a kuni 1. m\u00e4rts 2025. a.<\/li>\n<li>IV vaheaeg (v.a 12. klass) 14. aprill 2025. a kuni 19. aprill 2025. a.<\/li>\n<li>V vaheaeg (v.a l\u00f5puklassid) 26. mai 2025. a kuni 31. august 2025. a.<\/li>\n<\/ol>\n\n\t\t<\/div>\n\t<\/div>\n<\/div><\/div><\/div><\/div><\/div><\/section>\n<\/div>","protected":false},"excerpt":{"rendered":"Tunniplaan Treeningud toimuvad Tallinna \u00dclikoolis. Narva mnt 25 (TL\u00dc) ja Erika 5 NB! Tunniplaanis v\u00f5ib ette tulla muudatusi! NB! Treeninguid ei toimu riiklikel p\u00fchadel ja kooli vaheaegadel. &nbsp; TIREL P....","protected":false},"author":1,"featured_media":0,"parent":0,"menu_order":0,"comment_status":"closed","ping_status":"closed","template":"","meta":{"footnotes":""},"class_list":["post-4660","page","type-page","status-publish","hentry"],"_links":{"self":[{"href":"https:\/\/www.vktlu.ee\/ru\/wp-json\/wp\/v2\/pages\/4660","targetHints":{"allow":["GET"]}}],"collection":[{"href":"https:\/\/www.vktlu.ee\/ru\/wp-json\/wp\/v2\/pages"}],"about":[{"href":"https:\/\/www.vktlu.ee\/ru\/wp-json\/wp\/v2\/types\/page"}],"author":[{"embeddable":true,"href":"https:\/\/www.vktlu.ee\/ru\/wp-json\/wp\/v2\/users\/1"}],"replies":[{"embeddable":true,"href":"https:\/\/www.vktlu.ee\/ru\/wp-json\/wp\/v2\/comments?post=4660"}],"version-history":[{"count":5,"href":"https:\/\/www.vktlu.ee\/ru\/wp-json\/wp\/v2\/pages\/4660\/revisions"}],"predecessor-version":[{"id":5050,"href":"https:\/\/www.vktlu.ee\/ru\/wp-json\/wp\/v2\/pages\/4660\/revisions\/5050"}],"wp:attachment":[{"href":"https:\/\/www.vktlu.ee\/ru\/wp-json\/wp\/v2\/media?parent=4660"}],"curies":[{"name":"wp","href":"https:\/\/api.w.org\/{rel}","templated":true}]}}