{"id":4653,"date":"2025-04-24T21:20:17","date_gmt":"2025-04-24T19:20:17","guid":{"rendered":"https:\/\/vktlu.ee\/?page_id=4653"},"modified":"2025-07-14T20:42:26","modified_gmt":"2025-07-14T18:42:26","slug":"hinnakiri","status":"publish","type":"page","link":"https:\/\/www.vktlu.ee\/ru\/hinnakiri\/","title":{"rendered":"Hinnakiri"},"content":{"rendered":"<div class=\"wpb-content-wrapper\"><section class=\"vc_row wpb_row vc_row-fluid bg-light not-equal not-color vc_custom_1752518542917 vc_row-has-fill\"><div class=\"container\"><div class=\"row\"><div class=\"wpb_column vc_column_container vc_col-sm-12\"><div class=\"vc_column-inner\"><div class=\"wpb_wrapper\"><div class=\"headings-title\"><div class=\"mb72  mb-xs-40 text-center\"><h4  class=\"widgettitle\">HINNAKIRI<\/h4><div class=\"divider-wrap\"><div class=\"tlg-divider\"><\/div><\/div><\/div><\/div><\/div><\/div><\/div><\/div><\/div><\/section><section class=\"vc_row wpb_row vc_row-fluid bg-secondary pt0 pb0 not-equal not-color vc_custom_1746048175218 vc_row-has-fill\"><div class=\"container\"><div class=\"row\"><script type=\"text\/javascript\">jQuery(document).ready(function(){jQuery('head').append('<style type=\"text\/css\" id=\"tlg-custom-css-btn-69db7de4a8cbb\">#btn-69db7de4a8cbb:hover{color:#ffffff!important;background-color:#000000!important;border-color:#000000!important;}<\/style>');});<\/script><div class=\"wpb_column vc_column_container vc_col-sm-4\"><div class=\"vc_column-inner\"><div class=\"wpb_wrapper\"><div  id=\"tbl-69db7de4a8cbc\" class=\"pricing-standard text-center\"><h5  class=\"widgettitle mb0\">\u00dcHE KORRA<\/h5><span  class=\"price\"><span>\u20ac<\/span>15<\/span><p class=\"lead\">\/ \u00fche korra<\/p><\/div><\/div><\/div><\/div><script type=\"text\/javascript\">jQuery(document).ready(function(){jQuery('head').append('<style type=\"text\/css\" id=\"tlg-custom-css-btn-69db7de4a8d66\">#btn-69db7de4a8d66:hover{color:#ffffff!important;background-color:#c2d4d8!important;border-color:#c2d4d8!important;}<\/style>');});<\/script><div class=\"wpb_column vc_column_container vc_col-sm-4\"><div class=\"vc_column-inner\"><div class=\"wpb_wrapper\"><div  id=\"tbl-69db7de4a8d67\" class=\"pricing-standard text-center\"><h5  class=\"widgettitle mb0\">KUU<\/h5><span  class=\"price\"><span>\u20ac<\/span>55<\/span><p class=\"lead\">\/ 1x n\u00e4dalas<\/p><\/div><\/div><\/div><\/div><script type=\"text\/javascript\">jQuery(document).ready(function(){jQuery('head').append('<style type=\"text\/css\" id=\"tlg-custom-css-btn-69db7de4a8dfa\">#btn-69db7de4a8dfa:hover{color:#ffffff!important;background-color:#000000!important;border-color:#000000!important;}<\/style>');});<\/script><div class=\"wpb_column vc_column_container vc_col-sm-4\"><div class=\"vc_column-inner\"><div class=\"wpb_wrapper\"><div  id=\"tbl-69db7de4a8dfb\" class=\"pricing-standard text-center\"><h5  class=\"widgettitle mb0\">KUU<\/h5><span  class=\"price\"><span>\u20ac<\/span>65<\/span><p class=\"lead\">\/ 2x n\u00e4dalas<\/p><\/div><\/div><\/div><\/div><\/div><\/div><\/section><section class=\"vc_row wpb_row vc_row-fluid bg-light not-equal not-color vc_custom_1746048189225 vc_row-has-fill\"><div class=\"container\"><div class=\"row\"><script type=\"text\/javascript\">jQuery(document).ready(function(){jQuery('head').append('<style type=\"text\/css\" id=\"tlg-custom-css-btn-69db7de4a8eed\">#btn-69db7de4a8eed:hover{color:#ffffff!important;background-color:#000000!important;border-color:#000000!important;}<\/style>');});<\/script><div class=\"wpb_column vc_column_container vc_col-sm-4\"><div class=\"vc_column-inner\"><div class=\"wpb_wrapper\"><div  id=\"tbl-69db7de4a8eee\" class=\"pricing-standard text-center\"><h5  class=\"widgettitle mb0\">KUU<\/h5><span  class=\"price\"><span>\u20ac<\/span>75<\/span><p class=\"lead\">\/ 3x n\u00e4dalas<\/p><\/div><\/div><\/div><\/div><script type=\"text\/javascript\">jQuery(document).ready(function(){jQuery('head').append('<style type=\"text\/css\" id=\"tlg-custom-css-btn-69db7de4a8f7c\">#btn-69db7de4a8f7c:hover{color:#ffffff!important;background-color:#c2d4d8!important;border-color:#c2d4d8!important;}<\/style>');});<\/script><div class=\"wpb_column vc_column_container vc_col-sm-4\"><div class=\"vc_column-inner\"><div class=\"wpb_wrapper\"><div  id=\"tbl-69db7de4a8f7d\" class=\"pricing-standard text-center\"><h5  class=\"widgettitle mb0\">KUU<\/h5><span  class=\"price\"><span>\u20ac<\/span>90<\/span><p class=\"lead\">\/ 4x n\u00e4dalas<\/p><\/div><\/div><\/div><\/div><div class=\"wpb_column vc_column_container vc_col-sm-4\"><div class=\"vc_column-inner\"><div class=\"wpb_wrapper\"><\/div><\/div><\/div><\/div><\/div><\/section><section class=\"vc_row wpb_row vc_row-fluid bg-light not-equal not-color vc_custom_1746048212309 vc_row-has-fill\"><div class=\"container\"><div class=\"row\"><script type=\"text\/javascript\">jQuery(document).ready(function(){jQuery('head').append('<style type=\"text\/css\" id=\"tlg-custom-css-btn-69db7de4a9159\">#btn-69db7de4a9159:hover{color:#FFFFFF!important;background:#145085!important;border-color:transparent!important;}<\/style>');});<\/script><div class=\"wpb_column vc_column_container vc_col-sm-12\"><div class=\"vc_column-inner\"><div class=\"wpb_wrapper\">\n\t<div class=\"wpb_text_column wpb_content_element\" >\n\t\t<div class=\"wpb_wrapper\">\n\t\t\t<div class=\"heading_s2\"><b>Kinnitamine portaalis <a href=\"https:\/\/www.tallinn.ee\/\"><span style=\"color: #1e73be;\">tallinn.ee<\/span><\/a><\/b><\/div>\n<div><\/div>\n<p><mark class=\"bg_default text-white\">T\u00e4helepanu!<\/mark>  Vastavalt Tallinna ja Viimsi Sporditegevuse toetamise korrale saavad toetust lapsed ja noored kes on v\u00e4hemalt 7-aastased ja osalevad treeningutel:<br \/>\n7-15 aastased &#8211; v\u00e4hemalt 3 korda n\u00e4dalas n\u00e4dalakoormusega v\u00e4hemalt 240 minutit;<br \/>\n6-19 aastased &#8211; v\u00e4hemalt 4 korda n\u00e4dalas n\u00e4dalakoormusega v\u00e4hemalt 360 minutit;<\/p>\n<p>\u00d5pilase elukoht peab olema Eesti elanikeregistri andmetel Tallinna linn v\u00f5i Viimsi vald. Viimsis peab ka m\u00f5lema \u00f5pilase lapsevanema elukoht olema Eesti elanikeregistri andmetel Viimsi vallas. \u00d5pilase seaduslik esindaja peab kinnitama selleks etten\u00e4htud portaali v\u00f5i kohaliku omavalitsuse kaudu soovi m\u00e4\u00e4rata kohaliku omavalitsuse poolt makstav sporditegevuse toetus MT\u00dc V\u00f5imlemisklubile Tallinna \u00dclikool.<\/p>\n<p>Kinnitada saab oma last meie treeningutele alates 1. oktoober 2024. Uutel 2024 aastal 1. oktoobril kinnitajatel hakkab soodustus kehtima alates 1. jaanuarist 2025.<\/p>\n\n\t\t<\/div>\n\t<\/div>\n<div class=\"\"><a style=\"color:#FFFFFF;background:#1E73BE;border-color:transparent;\" id=\"btn-69db7de4a9159\" class=\"btn    btn-sm-sm\" href= \"https:\/\/taotlen.tallinn.ee\/login?redirect\" target=\"_self\" >SISENE<\/a><\/div><\/div><\/div><\/div><\/div><\/div><\/section>\n<\/div>","protected":false},"excerpt":{"rendered":"HINNAKIRI\u00dcHE KORRA\u20ac15\/ \u00fche korraKUU\u20ac55\/ 1x n\u00e4dalasKUU\u20ac65\/ 2x n\u00e4dalasKUU\u20ac75\/ 3x n\u00e4dalasKUU\u20ac90\/ 4x n\u00e4dalas Kinnitamine portaalis tallinn.ee T\u00e4helepanu! Vastavalt Tallinna ja Viimsi Sporditegevuse toetamise korrale saavad toetust lapsed ja noored kes on...","protected":false},"author":1,"featured_media":0,"parent":0,"menu_order":0,"comment_status":"closed","ping_status":"closed","template":"","meta":{"footnotes":""},"class_list":["post-4653","page","type-page","status-publish","hentry"],"_links":{"self":[{"href":"https:\/\/www.vktlu.ee\/ru\/wp-json\/wp\/v2\/pages\/4653","targetHints":{"allow":["GET"]}}],"collection":[{"href":"https:\/\/www.vktlu.ee\/ru\/wp-json\/wp\/v2\/pages"}],"about":[{"href":"https:\/\/www.vktlu.ee\/ru\/wp-json\/wp\/v2\/types\/page"}],"author":[{"embeddable":true,"href":"https:\/\/www.vktlu.ee\/ru\/wp-json\/wp\/v2\/users\/1"}],"replies":[{"embeddable":true,"href":"https:\/\/www.vktlu.ee\/ru\/wp-json\/wp\/v2\/comments?post=4653"}],"version-history":[{"count":5,"href":"https:\/\/www.vktlu.ee\/ru\/wp-json\/wp\/v2\/pages\/4653\/revisions"}],"predecessor-version":[{"id":5039,"href":"https:\/\/www.vktlu.ee\/ru\/wp-json\/wp\/v2\/pages\/4653\/revisions\/5039"}],"wp:attachment":[{"href":"https:\/\/www.vktlu.ee\/ru\/wp-json\/wp\/v2\/media?parent=4653"}],"curies":[{"name":"wp","href":"https:\/\/api.w.org\/{rel}","templated":true}]}}