{"id":4649,"date":"2025-04-24T21:13:30","date_gmt":"2025-04-24T19:13:30","guid":{"rendered":"https:\/\/vktlu.ee\/?page_id=4649"},"modified":"2025-04-30T23:22:20","modified_gmt":"2025-04-30T21:22:20","slug":"klubist","status":"publish","type":"page","link":"https:\/\/www.vktlu.ee\/ru\/klubist\/","title":{"rendered":"Klubist"},"content":{"rendered":"<div class=\"wpb-content-wrapper\"><section class=\"vc_row wpb_row vc_row-fluid bg-light not-equal not-color vc_custom_1746048057228 vc_row-has-fill\"><div class=\"container\"><div class=\"row\"><div class=\"wpb_column vc_column_container vc_col-sm-12\"><div class=\"vc_column-inner\"><div class=\"wpb_wrapper\"><div class=\"headings-title\"><div class=\"mb72 mb-xs-40 text-center\"><h4  class=\"widgettitle mb0\">Klubist<\/h4><div class=\"divider-wrap\"><div class=\"tlg-divider\"><\/div><\/div><\/div><\/div>\n\t<div class=\"wpb_text_column wpb_content_element\" >\n\t\t<div class=\"wpb_wrapper\">\n\t\t\t<p><strong><img fetchpriority=\"high\" decoding=\"async\" class=\"alignleft wp-image-4392\" src=\"https:\/\/vktlu.ee\/wp-content\/uploads\/2025\/04\/saal-01-1-1024x768.jpg\" alt=\"\" width=\"490\" height=\"368\" srcset=\"https:\/\/www.vktlu.ee\/wp-content\/uploads\/2025\/04\/saal-01-1-1024x768.jpg 1024w, https:\/\/www.vktlu.ee\/wp-content\/uploads\/2025\/04\/saal-01-1-300x225.jpg 300w, https:\/\/www.vktlu.ee\/wp-content\/uploads\/2025\/04\/saal-01-1-768x576.jpg 768w, https:\/\/www.vktlu.ee\/wp-content\/uploads\/2025\/04\/saal-01-1-1536x1152.jpg 1536w, https:\/\/www.vktlu.ee\/wp-content\/uploads\/2025\/04\/saal-01-1-2048x1536.jpg 2048w, https:\/\/www.vktlu.ee\/wp-content\/uploads\/2025\/04\/saal-01-1-16x12.jpg 16w\" sizes=\"(max-width: 490px) 100vw, 490px\" \/>V\u00f5imlemisklubi Tallinna \u00dclikool<br \/>\n<\/strong><\/p>\n<p>V\u00f5imlemisklubi Tallinna \u00dclikool alustas oma tegevust 2011. aastal. Meie p\u00f5hisuund on sportv\u00f5imlemine.<\/p>\n<p>Sportv\u00f5imlemine on ol\u00fcmpiaala, mis h\u00f5lmab vabaharjutuste, v\u00f5imlemisriistadel harjutuste ning toengh\u00fcpete v\u00f5istlusi. Sportv\u00f5imlemine loob tugeva aluse sportlaste j\u00f5u, koordinatsiooni ja paindlikkuse arendamiseks.<\/p>\n<p>Meie spordikool on suurep\u00e4rane koht, kus lapsed ja t\u00e4iskasvanudsaavad tutvuda v\u00f5imlemise rikkaliku maailmaga ning arendada omaoskusi ol\u00fcmpiaalal.<br \/>\nNaiste mitmev\u00f5istluse (WAG) programmi kuulub neli riistat: toengh\u00fcpe, eri k\u00f5rgustega r\u00f6\u00f6baspuud, poom ja vabaharjutused.<br \/>\nMeeste mitmev\u00f5istluse (MAG) programmi kuulub kuus riistat: vabaharjutused, sangadega hobune, r\u00f5ngad, toengh\u00fcpe, paralleelr\u00f6\u00f6baspuud ja kang.<\/p>\n<p>Samuti klubis toimuvad treeningud erivajaduste lastega, mis muudabspordi k\u00f5igile k\u00e4ttesaadavaks ja toetab kaasavat l\u00e4henemist \u00f5ppele ja treeningutele<\/p>\n<p>Meie klubi on saanud spordi kogukonna oluliseks osaks ja loobv\u00f5imalusi osalemiseks erinevate tasemete v\u00f5istlustel, mis v\u00f5imaldabsportlastel mitte ainult oma oskusi t\u00e4iendada, vaid leida ka uusieesm\u00e4rke ja inspiratsiooni. Meie klubi liikmed osalenud nii kohalikelkui ka rahvusvahelistel v\u00f5istlustel sportv\u00f5imlemises ja teistelv\u00f5imlemisaladel nagu: TeamGym &#8211; v\u00f5istkondlik v\u00f5imlemine, Trampoline &#8211; batuut v\u00f5imlemine, Tumbling &#8211; akrobaatika.<\/p>\n\n\t\t<\/div>\n\t<\/div>\n<\/div><\/div><\/div><\/div><\/div><\/section>\n<\/div>","protected":false},"excerpt":{"rendered":"Klubist V\u00f5imlemisklubi Tallinna \u00dclikool V\u00f5imlemisklubi Tallinna \u00dclikool alustas oma tegevust 2011. aastal. Meie p\u00f5hisuund on sportv\u00f5imlemine. Sportv\u00f5imlemine on ol\u00fcmpiaala, mis h\u00f5lmab vabaharjutuste, v\u00f5imlemisriistadel harjutuste ning toengh\u00fcpete v\u00f5istlusi. Sportv\u00f5imlemine loob tugeva...","protected":false},"author":1,"featured_media":0,"parent":0,"menu_order":0,"comment_status":"closed","ping_status":"closed","template":"","meta":{"footnotes":""},"class_list":["post-4649","page","type-page","status-publish","hentry"],"_links":{"self":[{"href":"https:\/\/www.vktlu.ee\/ru\/wp-json\/wp\/v2\/pages\/4649","targetHints":{"allow":["GET"]}}],"collection":[{"href":"https:\/\/www.vktlu.ee\/ru\/wp-json\/wp\/v2\/pages"}],"about":[{"href":"https:\/\/www.vktlu.ee\/ru\/wp-json\/wp\/v2\/types\/page"}],"author":[{"embeddable":true,"href":"https:\/\/www.vktlu.ee\/ru\/wp-json\/wp\/v2\/users\/1"}],"replies":[{"embeddable":true,"href":"https:\/\/www.vktlu.ee\/ru\/wp-json\/wp\/v2\/comments?post=4649"}],"version-history":[{"count":4,"href":"https:\/\/www.vktlu.ee\/ru\/wp-json\/wp\/v2\/pages\/4649\/revisions"}],"predecessor-version":[{"id":4981,"href":"https:\/\/www.vktlu.ee\/ru\/wp-json\/wp\/v2\/pages\/4649\/revisions\/4981"}],"wp:attachment":[{"href":"https:\/\/www.vktlu.ee\/ru\/wp-json\/wp\/v2\/media?parent=4649"}],"curies":[{"name":"wp","href":"https:\/\/api.w.org\/{rel}","templated":true}]}}