{"id":4606,"date":"2025-04-24T19:48:23","date_gmt":"2025-04-24T17:48:23","guid":{"rendered":"https:\/\/vktlu.ee\/?page_id=4606"},"modified":"2025-09-03T11:06:00","modified_gmt":"2025-09-03T09:06:00","slug":"avaleht","status":"publish","type":"page","link":"https:\/\/www.vktlu.ee\/ru\/","title":{"rendered":"Avaleht"},"content":{"rendered":"<div class=\"wpb-content-wrapper\"><section class=\"vc_row wpb_row vc_row-fluid bg-light fullscreen not-equal not-color vc_custom_1745789974521 vc_row-has-fill image-bg z-index not-parallax\"><div class=\"background-content\"><img decoding=\"async\" alt=\"background\" class=\"background-image\" src=\"https:\/\/vktlu.ee\/wp-content\/uploads\/2025\/04\/saal-01-photoaidcom-darken.jpg?id=4936\" \/><div  class=\"background-overlay\"><\/div><\/div><div class=\"container  vertical-alignment\"><div class=\"row\"><div class=\"wpb_column vc_column_container vc_col-sm-12\"><div class=\"vc_column-inner\"><div class=\"wpb_wrapper\"><div class=\"headings-title\"><div class=\"mb72 mb16 mb-xs-40 text-center\"><h5 style=\"color:#FFFFFF!important;font-size:40px;line-height:50px;text-transform: uppercase!important;text-shadow:none;font-family:Alef;font-weight:700;font-style:normal;\" class=\"widgettitle mb0\">V\u00f5imlemisklubi Tallinna \u00dclikool<\/h5><\/div><\/div>\n\t<div  class=\"wpb_single_image wpb_content_element vc_align_center wpb_content_element wpb_animate_when_almost_visible wpb_fadeIn fadeIn\">\n\t\t\n\t\t<figure class=\"wpb_wrapper vc_figure\">\n\t\t\t<div class=\"vc_single_image-wrapper   vc_box_border_grey\"><img fetchpriority=\"high\" decoding=\"async\" width=\"300\" height=\"300\" src=\"https:\/\/vktlu.ee\/wp-content\/uploads\/2025\/04\/Logo_v2_02-300x300.png\" class=\"vc_single_image-img attachment-medium\" alt=\"\" title=\"VKTLU\" srcset=\"https:\/\/vktlu.ee\/wp-content\/uploads\/2025\/04\/Logo_v2_02-300x300.png 300w, https:\/\/vktlu.ee\/wp-content\/uploads\/2025\/04\/Logo_v2_02-150x150.png 150w, https:\/\/vktlu.ee\/wp-content\/uploads\/2025\/04\/Logo_v2_02-768x768.png 768w, https:\/\/vktlu.ee\/wp-content\/uploads\/2025\/04\/Logo_v2_02-12x12.png 12w, https:\/\/vktlu.ee\/wp-content\/uploads\/2025\/04\/Logo_v2_02-60x60.png 60w, https:\/\/vktlu.ee\/wp-content\/uploads\/2025\/04\/Logo_v2_02.png 1000w\" sizes=\"(max-width: 300px) 100vw, 300px\" \/><\/div>\n\t\t<\/figure>\n\t<\/div>\n<div class=\"headings-title\"><div class=\"mb72 mb16 mb-xs-40 text-center\"><div style=\"color:#FFFFFF!important;font-size:25px;line-height:30px;text-transform: none!important;text-shadow:none;font-family:Alef;font-weight:700;font-style:normal;\" class=\"widgetsubtitle\">V\u00f5imlemisklubi Tallinna \u00dclikool alustas oma tegevust 2011 aastal. Meie p\u00f5hisuund on sportv\u00f5imlemine.<\/div><\/div><\/div><\/div><\/div><\/div><\/div><\/div><\/section><section class=\"vc_row wpb_row vc_row-fluid bg-light not-equal not-color vc_custom_1756889947647 vc_row-has-fill\"><div class=\"container\"><div class=\"row\"><script type=\"text\/javascript\">jQuery(document).ready(function(){jQuery('head').append('<style type=\"text\/css\" id=\"tlg-custom-css-btn-69db69a307640\">#btn-69db69a307640:hover{color:#FFFFFF!important;background:#145085!important;border-color:transparent!important;}<\/style>');});<\/script><div class=\"wpb_animate_when_almost_visible wpb_fadeInUp fadeInUp wpb_column vc_column_container vc_col-sm-12\"><div class=\"vc_column-inner\"><div class=\"wpb_wrapper\"><div class=\"alert alert-primary alert-dismissible alert-bg\" role=\"alert\"><button type=\"button\" class=\"close\" data-dismiss=\"alert\" aria-label=\"Close\"><span aria-hidden=\"true\">&times;<\/span><\/button><p>Head lapsevanemad ja v\u00f5imlejad!<\/p><\/p>\n<p>Alates 1. maist pannakse Tallinna \u00dclikooli saal remonti, mist\u00f5ttu toimuvad k\u00f5ik treeningud edaspidi Erika v\u00f5imlas.<\/div><div class=\"headings-title\"><div class=\"mb72  mb-xs-40 text-center\"><h4  class=\"widgettitle\">Klubist<\/h4><div class=\"divider-wrap\"><div class=\"tlg-divider\"><\/div><\/div><\/div><\/div>\n\t<div class=\"wpb_text_column wpb_content_element\" >\n\t\t<div class=\"wpb_wrapper\">\n\t\t\t<p><img decoding=\"async\" class=\"alignleft wp-image-4392\" src=\"https:\/\/vktlu.ee\/wp-content\/uploads\/2025\/04\/saal-01-1-1024x768.jpg\" alt=\"\" width=\"490\" height=\"368\" srcset=\"https:\/\/vktlu.ee\/wp-content\/uploads\/2025\/04\/saal-01-1-1024x768.jpg 1024w, https:\/\/vktlu.ee\/wp-content\/uploads\/2025\/04\/saal-01-1-300x225.jpg 300w, https:\/\/vktlu.ee\/wp-content\/uploads\/2025\/04\/saal-01-1-768x576.jpg 768w, https:\/\/vktlu.ee\/wp-content\/uploads\/2025\/04\/saal-01-1-1536x1152.jpg 1536w, https:\/\/vktlu.ee\/wp-content\/uploads\/2025\/04\/saal-01-1-2048x1536.jpg 2048w, https:\/\/vktlu.ee\/wp-content\/uploads\/2025\/04\/saal-01-1-16x12.jpg 16w\" sizes=\"(max-width: 490px) 100vw, 490px\" \/><strong>V\u00f5imlemisklubi Tallinna \u00dclikool<\/strong><\/p>\n<p>V\u00f5imlemisklubi Tallinna \u00dclikool alustas oma tegevust 2011 aastal. Meie p\u00f5hisuund on sportv\u00f5imlemine.<\/p>\n<p>Sportv\u00f5imlemine on ol\u00fcmpiaala, mis h\u00f5lmab vabaharjutuste, v\u00f5imlemisriistadel harjutuste ning toengh\u00fcpete v\u00f5istlusi. Sportv\u00f5imlemine loob tugeva aluse sportlaste j\u00f5u, koordinatsiooni ja paindlikkuse arendamiseks.<\/p>\n<p>Meie spordikool on suurep\u00e4rane koht, kus lapsed ja t\u00e4iskasvanudsaavad tutvuda v\u00f5imlemise rikkaliku maailmaga ning arendada omaoskusi ol\u00fcmpiaalal.<\/p>\n\n\t\t<\/div>\n\t<\/div>\n<div class=\"\"><a style=\"color:#FFFFFF;background:#1E73BE;border-color:transparent;\" id=\"btn-69db69a307640\" class=\"btn    btn-sm-sm\" href= \"https:\/\/www.vktlu.ee\/ru\/klubist\/\" target=\"_self\" >Loe l\u00e4hemalt<\/a><\/div><\/div><\/div><\/div><\/div><\/div><\/section><section class=\"vc_row wpb_row vc_row-fluid bg-light not-equal not-color vc_custom_1746137035923 vc_row-has-fill\"><div class=\"container\"><div class=\"row\"><div class=\"wpb_animate_when_almost_visible wpb_fadeInUp fadeInUp wpb_column vc_column_container vc_col-sm-12\"><div class=\"vc_column-inner\"><div class=\"wpb_wrapper\"><div class=\"headings-title\"><div class=\"mb72  mb-xs-40 text-center\"><h4  class=\"widgettitle\">Uudised<\/h4><div class=\"divider-wrap\"><div class=\"tlg-divider\"><\/div><\/div><\/div><\/div><section id=\"blog-69db69a309eda\" class=\"p0 text-left\"><div class=\"blog-carousel blog-carousel-detail three-columns\"><div class=\"post-wrap project\">\r\n    <div class=\"inner-wrap border-none p0\">\r\n        <a href=\"https:\/\/www.vktlu.ee\/ru\/vktlu-3\/\">\r\n            <div class=\"post-image bg-overlay mb16\">\r\n                <img decoding=\"async\" width=\"600\" height=\"400\" src=\"https:\/\/vktlu.ee\/wp-content\/uploads\/2025\/04\/saal-02-1-600x400.jpg\" class=\"background-image wp-post-image\" alt=\"\" srcset=\"https:\/\/vktlu.ee\/wp-content\/uploads\/2025\/04\/saal-02-1-600x400.jpg 600w, https:\/\/vktlu.ee\/wp-content\/uploads\/2025\/04\/saal-02-1-16x12.jpg 16w\" sizes=\"(max-width: 600px) 100vw, 600px\" \/>                <div class=\"bg-mask\"><i class=\"ti-plus\"><\/i><\/div>\r\n            <\/div>\r\n        <\/a>\r\n        <div class=\"inner-left inner-small\">\r\n            <div class=\"day\">20<\/div>\r\n            <div class=\"month\">Apr<\/div>\r\n        <\/div>\r\n        <div class=\"inner-right inner-small\">\r\n            <div class=\"post-title\">\r\n                <h5 class=\"mb0\"><a class=\"link-dark-title\" href=\"https:\/\/www.vktlu.ee\/ru\/vktlu-3\/\">VKTLU 3<\/a><\/h5>            <\/div>\r\n            <div class=\"entry-meta mt8 mb16 p0\">\r\n                                    <span class=\"inline-block\"><span>in<\/span><a href=\"https:\/\/www.vktlu.ee\/ru\/category\/vktlu\/\" rel=\"category tag\">VKTL\u00dc<\/a><\/span>\r\n                            <\/div>\r\n        <\/div>\r\n        <div class=\"clearfix\"><\/div>\r\n        <p>Text Text Text Text Text Text Text Text Text Text Text Text Text Text Text Text Text Text Text Text Text Text Text Text Text Text Text Text Text Text&#8230;<\/p>\n    <\/div>\r\n<\/div><div class=\"post-wrap project\">\r\n    <div class=\"inner-wrap border-none p0\">\r\n        <a href=\"https:\/\/www.vktlu.ee\/ru\/vktlu-2\/\">\r\n            <div class=\"post-image bg-overlay mb16\">\r\n                <img decoding=\"async\" width=\"600\" height=\"400\" src=\"https:\/\/vktlu.ee\/wp-content\/uploads\/2025\/04\/saal-02-1-600x400.jpg\" class=\"background-image wp-post-image\" alt=\"\" srcset=\"https:\/\/vktlu.ee\/wp-content\/uploads\/2025\/04\/saal-02-1-600x400.jpg 600w, https:\/\/vktlu.ee\/wp-content\/uploads\/2025\/04\/saal-02-1-16x12.jpg 16w\" sizes=\"(max-width: 600px) 100vw, 600px\" \/>                <div class=\"bg-mask\"><i class=\"ti-plus\"><\/i><\/div>\r\n            <\/div>\r\n        <\/a>\r\n        <div class=\"inner-left inner-small\">\r\n            <div class=\"day\">20<\/div>\r\n            <div class=\"month\">Apr<\/div>\r\n        <\/div>\r\n        <div class=\"inner-right inner-small\">\r\n            <div class=\"post-title\">\r\n                <h5 class=\"mb0\"><a class=\"link-dark-title\" href=\"https:\/\/www.vktlu.ee\/ru\/vktlu-2\/\">VKTLU 2<\/a><\/h5>            <\/div>\r\n            <div class=\"entry-meta mt8 mb16 p0\">\r\n                                    <span class=\"inline-block\"><span>in<\/span><a href=\"https:\/\/www.vktlu.ee\/ru\/category\/vktlu\/\" rel=\"category tag\">VKTL\u00dc<\/a><\/span>\r\n                            <\/div>\r\n        <\/div>\r\n        <div class=\"clearfix\"><\/div>\r\n        <p>Text Text Text Text Text Text Text Text Text Text Text Text Text Text Text Text Text Text Text Text Text Text Text Text Text Text Text Text Text Text&#8230;<\/p>\n    <\/div>\r\n<\/div><div class=\"post-wrap project\">\r\n    <div class=\"inner-wrap border-none p0\">\r\n        <a href=\"https:\/\/www.vktlu.ee\/ru\/vktlu\/\">\r\n            <div class=\"post-image bg-overlay mb16\">\r\n                <img decoding=\"async\" width=\"600\" height=\"400\" src=\"https:\/\/vktlu.ee\/wp-content\/uploads\/2025\/04\/saal-02-1-600x400.jpg\" class=\"background-image wp-post-image\" alt=\"\" srcset=\"https:\/\/vktlu.ee\/wp-content\/uploads\/2025\/04\/saal-02-1-600x400.jpg 600w, https:\/\/vktlu.ee\/wp-content\/uploads\/2025\/04\/saal-02-1-16x12.jpg 16w\" sizes=\"(max-width: 600px) 100vw, 600px\" \/>                <div class=\"bg-mask\"><i class=\"ti-plus\"><\/i><\/div>\r\n            <\/div>\r\n        <\/a>\r\n        <div class=\"inner-left inner-small\">\r\n            <div class=\"day\">20<\/div>\r\n            <div class=\"month\">Apr<\/div>\r\n        <\/div>\r\n        <div class=\"inner-right inner-small\">\r\n            <div class=\"post-title\">\r\n                <h5 class=\"mb0\"><a class=\"link-dark-title\" href=\"https:\/\/www.vktlu.ee\/ru\/vktlu\/\">VKTLU<\/a><\/h5>            <\/div>\r\n            <div class=\"entry-meta mt8 mb16 p0\">\r\n                                    <span class=\"inline-block\"><span>in<\/span><a href=\"https:\/\/www.vktlu.ee\/ru\/category\/vktlu\/\" rel=\"category tag\">VKTL\u00dc<\/a><\/span>\r\n                            <\/div>\r\n        <\/div>\r\n        <div class=\"clearfix\"><\/div>\r\n        <p>Text Text Text Text Text Text Text Text Text Text Text Text Text Text Text Text Text Text Text Text Text Text Text Text Text Text Text Text Text Text&#8230;<\/p>\n    <\/div>\r\n<\/div><\/div><\/section><\/div><\/div><\/div><\/div><\/div><\/section>\n<\/div>","protected":false},"excerpt":{"rendered":"Text Text Text Text Text Text Text Text Text Text Text Text Text Text Text Text Text Text Text Text Text Text Text Text Text Text Text Text Text Text...","protected":false},"author":1,"featured_media":0,"parent":0,"menu_order":0,"comment_status":"closed","ping_status":"closed","template":"","meta":{"footnotes":""},"class_list":["post-4606","page","type-page","status-publish","hentry"],"_links":{"self":[{"href":"https:\/\/www.vktlu.ee\/ru\/wp-json\/wp\/v2\/pages\/4606","targetHints":{"allow":["GET"]}}],"collection":[{"href":"https:\/\/www.vktlu.ee\/ru\/wp-json\/wp\/v2\/pages"}],"about":[{"href":"https:\/\/www.vktlu.ee\/ru\/wp-json\/wp\/v2\/types\/page"}],"author":[{"embeddable":true,"href":"https:\/\/www.vktlu.ee\/ru\/wp-json\/wp\/v2\/users\/1"}],"replies":[{"embeddable":true,"href":"https:\/\/www.vktlu.ee\/ru\/wp-json\/wp\/v2\/comments?post=4606"}],"version-history":[{"count":5,"href":"https:\/\/www.vktlu.ee\/ru\/wp-json\/wp\/v2\/pages\/4606\/revisions"}],"predecessor-version":[{"id":5056,"href":"https:\/\/www.vktlu.ee\/ru\/wp-json\/wp\/v2\/pages\/4606\/revisions\/5056"}],"wp:attachment":[{"href":"https:\/\/www.vktlu.ee\/ru\/wp-json\/wp\/v2\/media?parent=4606"}],"curies":[{"name":"wp","href":"https:\/\/api.w.org\/{rel}","templated":true}]}}